{"id":1762,"date":"2024-01-03T15:09:57","date_gmt":"2024-01-03T13:09:57","guid":{"rendered":"https:\/\/www.det-engines.com\/disclaimer\/"},"modified":"2024-03-28T12:20:34","modified_gmt":"2024-03-28T12:20:34","slug":"politique-de-confidentialite","status":"publish","type":"page","link":"https:\/\/www.det-engines.com\/fr\/politique-de-confidentialite\/","title":{"rendered":"Politique de confidentialit\u00e9"},"content":{"rendered":"\t\t<div data-elementor-type=\"wp-page\" data-elementor-id=\"1762\" class=\"elementor elementor-1762 elementor-1554\" data-elementor-post-type=\"page\">\n\t\t\t\t\t\t<section class=\"elementor-section elementor-top-section elementor-element elementor-element-e093153 elementor-section-boxed elementor-section-height-default elementor-section-height-default\" data-id=\"e093153\" data-element_type=\"section\" data-e-type=\"section\" data-settings=\"{&quot;background_background&quot;:&quot;classic&quot;}\">\n\t\t\t\t\t\t<div class=\"elementor-container elementor-column-gap-default\">\n\t\t\t\t\t<div class=\"elementor-column elementor-col-100 elementor-top-column elementor-element elementor-element-b9ef386\" data-id=\"b9ef386\" data-element_type=\"column\" data-e-type=\"column\">\n\t\t\t<div class=\"elementor-widget-wrap elementor-element-populated\">\n\t\t\t\t\t\t<div class=\"elementor-element elementor-element-7a3d58a elementor-widget elementor-widget-spacer\" data-id=\"7a3d58a\" data-element_type=\"widget\" data-e-type=\"widget\" data-widget_type=\"spacer.default\">\n\t\t\t\t<div class=\"elementor-widget-container\">\n\t\t\t\t\t\t\t<div class=\"elementor-spacer\">\n\t\t\t<div class=\"elementor-spacer-inner\"><\/div>\n\t\t<\/div>\n\t\t\t\t\t\t<\/div>\n\t\t\t\t<\/div>\n\t\t\t\t<div class=\"elementor-element elementor-element-514749b elementor-widget elementor-widget-text-editor\" data-id=\"514749b\" data-element_type=\"widget\" data-e-type=\"widget\" data-widget_type=\"text-editor.default\">\n\t\t\t\t<div class=\"elementor-widget-container\">\n\t\t\t\t\t\t\t\t\t<p style=\"text-align: center;\">Politique de confidentialit\u00e9<\/p>\t\t\t\t\t\t\t\t<\/div>\n\t\t\t\t<\/div>\n\t\t\t\t<div class=\"elementor-element elementor-element-9b5dce8 elementor-widget elementor-widget-spacer\" data-id=\"9b5dce8\" data-element_type=\"widget\" data-e-type=\"widget\" data-widget_type=\"spacer.default\">\n\t\t\t\t<div class=\"elementor-widget-container\">\n\t\t\t\t\t\t\t<div class=\"elementor-spacer\">\n\t\t\t<div class=\"elementor-spacer-inner\"><\/div>\n\t\t<\/div>\n\t\t\t\t\t\t<\/div>\n\t\t\t\t<\/div>\n\t\t\t\t\t<\/div>\n\t\t<\/div>\n\t\t\t\t\t<\/div>\n\t\t<\/section>\n\t\t\t\t<section class=\"elementor-section elementor-top-section elementor-element elementor-element-37b46db7 elementor-section-boxed elementor-section-height-default elementor-section-height-default\" data-id=\"37b46db7\" data-element_type=\"section\" data-e-type=\"section\" data-settings=\"{&quot;background_background&quot;:&quot;gradient&quot;}\">\n\t\t\t\t\t\t<div class=\"elementor-container elementor-column-gap-default\">\n\t\t\t\t\t<div class=\"elementor-column elementor-col-100 elementor-top-column elementor-element elementor-element-406e5e27\" data-id=\"406e5e27\" data-element_type=\"column\" data-e-type=\"column\">\n\t\t\t<div class=\"elementor-widget-wrap elementor-element-populated\">\n\t\t\t\t\t\t<div class=\"elementor-element elementor-element-7416a8b5 elementor-widget elementor-widget-text-editor\" data-id=\"7416a8b5\" data-element_type=\"widget\" data-e-type=\"widget\" data-widget_type=\"text-editor.default\">\n\t\t\t\t<div class=\"elementor-widget-container\">\n\t\t\t\t\t\t\t\t\t<p>Politique de confidentialit\u00e9<\/p>\t\t\t\t\t\t\t\t<\/div>\n\t\t\t\t<\/div>\n\t\t\t\t<div class=\"elementor-element elementor-element-7d127a9f elementor-widget elementor-widget-text-editor\" data-id=\"7d127a9f\" data-element_type=\"widget\" data-e-type=\"widget\" data-widget_type=\"text-editor.default\">\n\t\t\t\t<div class=\"elementor-widget-container\">\n\t\t\t\t\t\t\t\t\t<p>Diesel Equipment Trading B.V. (\u00ab DET \u00bb) prend le respect de votre vie priv\u00e9e au s\u00e9rieux, et prendra les pr\u00e9cautions requises pendant le traitement et l&rsquo;utilisation des informations qu&rsquo;elle poss\u00e8de \u00e0 votre sujet, en tant qu&rsquo;utilisateur des services de DET. Ce document d\u00e9crit la politique que nous menons en ce qui concerne le respect de la vie priv\u00e9e et la s\u00e9curit\u00e9. Nous vous conseillons de lire attentivement cette politique de confidentialit\u00e9.<\/p><p><strong>Qui est DET ?<\/strong><\/p><p>DET est une \u00ab besloten vennootschap \u00bb, c&rsquo;est-\u00e0-dire une soci\u00e9t\u00e9 \u00e0 responsabilit\u00e9 limit\u00e9e de droit n\u00e9erlandais, \u00e9tablie \u00e0 l&rsquo;adresse Bijsterhuizen 2168, 6604 LG, Wijchen . Elle est immatricul\u00e9e au registre du commerce sous le num\u00e9ro 10032038. DET a pour principal objet la vente, la conception, la production\/l&rsquo;assemblage, la maintenance et l&rsquo;entretien de moteurs diesel et de g\u00e9n\u00e9rateurs pour l&rsquo;industrie et le secteur de la navigation. DET collabore avec des tierces parties, \u00e0 savoir : des installateurs, sous-traitants, soci\u00e9t\u00e9s d&rsquo;entretien, soci\u00e9t\u00e9s de transport, compagnies d&rsquo;assurance, fournisseurs, etc., avec lesquels elle a conclu des arrangements dans le but de maintenir un niveau de prestation de services aussi \u00e9lev\u00e9 que possible.<\/p><p><strong>Quelles informations sont recueillies et trait\u00e9es par DET ?<\/strong><\/p><p>Nous aimerions attirer votre attention sur le fait que nous recueillons et utilisons les donn\u00e9es (\u00e0 caract\u00e8re personnel) que vous nous fournissez parce qu&rsquo;elles nous sont indispensables dans le cadre de la conclusion d&rsquo;un \u00e9ventuel contrat avec vous et de son ex\u00e9cution. Cela concerne aussi bien nos clients (potentiels) que des parties chez qui nous achetons des biens et\/ou services.\u00a0<\/p><p>Si vous \u00eates l&rsquo;un de nos clients (potentiels), nous utilisons vos donn\u00e9es dans le but de pouvoir vous envoyer un devis, pouvoir d\u00e9terminer les sp\u00e9cifications ou souhaits auxquels un certain produit ou service doit r\u00e9pondre, pouvoir livrer des biens ou accomplir des activit\u00e9s pour vous, pouvoir \u00e9tablir des factures et pouvoir communiquer avec vous de mani\u00e8re fluide et efficace au sujet des aspects de l&rsquo;ex\u00e9cution du contrat.<\/p><p>Si vous \u00eates un fournisseur ou autre prestataire de service (potentiel), vos donn\u00e9es \u00e0 caract\u00e8re personnel nous sont \u00e9galement indispensables pour la conclusion et l&rsquo;ex\u00e9cution du contrat. En cas d&rsquo;achat, nous en avons besoin pour pouvoir vous indiquer les sp\u00e9cifications ou souhaits auxquels un certain produit ou service doit, selon nous, r\u00e9pondre, pouvoir vous envoyer un devis-demande ou placer une commande chez vous, pouvoir payer vos factures et pouvoir communiquer avec vous de mani\u00e8re fluide et efficace au sujet d&rsquo;autres aspects du contrat.<\/p><p>Vous n&rsquo;\u00eates pas oblig\u00e9 de nous transmettre vos donn\u00e9es \u00e0 caract\u00e8re personnel. Si vous ne nous fournissez pas de donn\u00e9es \u00e0 caract\u00e8re personnel ou si vous nous fournissez des donn\u00e9es \u00e0 caract\u00e8re personnel insuffisantes, il est toutefois possible que nous ne puissions pas ex\u00e9cuter les activit\u00e9s mentionn\u00e9es ci-avant.\u00a0<\/p><p><em>Site Web, application et\/ou boutique en ligne :<\/em><\/p><p>Nos portails num\u00e9riques n&rsquo;ont pas pour but de recueillir des donn\u00e9es au sujet de visiteurs\/d&rsquo;utilisateurs de moins de 16 ans, \u00e0 moins que des parents ou tuteurs ne l&rsquo;aient autoris\u00e9. Nous ne pouvons cependant pas contr\u00f4ler si un visiteur\/utilisateur a plus de 16 ans. C&rsquo;est pourquoi nous conseillons aux parents de surveiller les activit\u00e9s de leurs enfants en ligne pour emp\u00eacher que des donn\u00e9es concernant des enfants ne soient collect\u00e9es sans l&rsquo;autorisation des parents. Si vous \u00eates convaincu que nous avons collect\u00e9 des donn\u00e9es \u00e0 caract\u00e8re personnel au sujet d&rsquo;un mineur sans cette autorisation, veuillez alors nous contacter \u00e0 l\u2019adresse\u00a0<a href=\"mailto:info@det-engines.com\">info@det-engines.com<\/a>\u00a0Dans ce cas, nous supprimerons ces informations.<\/p><p>DET utilise uniquement des cookies techniques, fonctionnels et analytiques qui ne portent pas atteinte \u00e0 votre vie priv\u00e9e. Un cookie est un petit fichier de texte qui est stock\u00e9 sur votre ordinateur, tablette ou smartphone lors de votre premi\u00e8re visite \u00e0 ce site Web. Les cookies que nous utilisons sont n\u00e9cessaires aux performances techniques du site Web et am\u00e9liorent votre confort d&rsquo;utilisation. Ils contribuent au bon fonctionnement du site Web et permettent de m\u00e9moriser vos param\u00e8tres de pr\u00e9f\u00e9rence, par exemple. Avec ces cookies, nous pouvons aussi optimaliser notre site Web. Vous pouvez vous d\u00e9sabonner aux cookies en programmant votre navigateur web de sorte qu&rsquo;il n&rsquo;enregistre plus de cookies. En outre, vous pouvez aussi supprimer toutes les informations qui ont \u00e9t\u00e9 enregistr\u00e9es pr\u00e9c\u00e9demment via les param\u00e8tres de votre navigateur.<\/p><p>DET collecte des donn\u00e9es (\u00e0 caract\u00e8re personnel) parce que vous utilisez nos services et\/ou nous fournissez vous-m\u00eame des services. Vous trouverez ci-dessous un aper\u00e7u des donn\u00e9es \u00e0 caract\u00e8re personnel que nous traitons, accompagn\u00e9 de quelques exemples :<\/p><ul><li>Pr\u00e9nom et nom de famille<\/li><li>Sexe<\/li><li>Date de naissance<\/li><li>Lieu de naissance<\/li><li>Coordonn\u00e9es<\/li><li>Num\u00e9ro de t\u00e9l\u00e9phone<\/li><li>Adresse \u00e9lectronique<\/li><li>Autres donn\u00e9es \u00e0 caract\u00e8re personnel que vous nous fournissez activement, par exemple en cr\u00e9ant un profil sur ce site Web, dans toute correspondance et par t\u00e9l\u00e9phone<\/li><li>Donn\u00e9es de situation<\/li><li>Donn\u00e9es de vos activit\u00e9s sur notre site Web<\/li><li>Num\u00e9ro(s) de compte bancaire<\/li><li>Autres donn\u00e9es (\u00e0 caract\u00e8re personnel)<\/li><li>\u00a0<\/li><\/ul><p><strong>Dans quel but collectons-nous les donn\u00e9es ?<\/strong><\/p><p>Le traitement des donn\u00e9es (\u00e0 caract\u00e8re personnel) est effectu\u00e9 au profit de l&rsquo;ex\u00e9cution des t\u00e2ches suivantes :<\/p><ul><li>Envoyer notre bulletin d&rsquo;informations et\/ou d\u00e9pliant publicitaire<\/li><li>Pouvoir vous t\u00e9l\u00e9phoner ou vous envoyer un e-mail si cela est n\u00e9cessaire pour pouvoir ex\u00e9cuter notre prestation de services<\/li><li>Vous informer des changements \u00e9ventuels en ce qui concerne nos services et produits<\/li><li>Vous donner la possibilit\u00e9 de cr\u00e9er un compte<\/li><li>Vous livrer des marchandises et services<\/li><li>Autres objectifs<\/li><\/ul><p>DET traite aussi des donn\u00e9es \u00e0 caract\u00e8re personnel si la loi nous y oblige, comme les donn\u00e9es dont nous avons besoin dans le cadre de notre d\u00e9claration d&rsquo;imp\u00f4t.<\/p><p><strong>Utilisation des donn\u00e9es par des tiers ?<\/strong><\/p><p>DET ne vendra pas vos donn\u00e9es \u00e0 des tiers et les fournira exclusivement si cela est n\u00e9cessaire pour l&rsquo;ex\u00e9cution de notre contrat conclu avec vous ou pour remplir une obligation l\u00e9gale. En ce qui concerne l&rsquo;ex\u00e9cution d&rsquo;un contrat \u00e9ventuellement conclu avec vous, il est possible que nous devions fournir vos donn\u00e9es \u00e0 caract\u00e8re personnel \u00e0 des parties qui nous livrent des pi\u00e8ces d\u00e9tach\u00e9es, mat\u00e9riaux et produits, ou ex\u00e9cutent des activit\u00e9s sur notre ordre. Nous utilisons \u00e9galement une salle de serveurs externe pour le stockage de (certains de) nos dossiers comptables li\u00e9s \u00e0 la vente et l&rsquo;achat de produits\/services, dont font partie vos donn\u00e9es \u00e0 caract\u00e8re personnel. C&rsquo;est pour cette raison que vos donn\u00e9es \u00e0 caract\u00e8re personnel sont transmises \u00e0 notre fournisseur de salles de serveurs. Nous recourons en outre \u00e0 Microsoft Office et aux possibilit\u00e9s de stockage correspondantes pour les e-mails et autres fichiers.<\/p><p>Comme nous faisons envoyer nos bulletins d&rsquo;informations par publipostage, vos donn\u00e9es \u00e0 caract\u00e8re personnel sont transmises \u00e0 la soci\u00e9t\u00e9 proposant ce service. Il est possible que le traitement par des tiers soit soumis \u00e0 une autre politique de confidentialit\u00e9. Nous vous conseillons de consulter la politique de confidentialit\u00e9 d&rsquo;un tiers. Pour terminer, vos donn\u00e9es peuvent \u00eatre transmises \u00e0 des tiers si, selon la l\u00e9gislation et r\u00e9glementation en vigueur, une obligation \u00e0 cet effet existe, une n\u00e9cessit\u00e9 \u00e0 cet effet existe suite \u00e0 un proc\u00e8s, et\/ou si cela est n\u00e9cessaire pour prot\u00e9ger des droits propres.<\/p><p><strong>Combien de temps DET conserve vos donn\u00e9es ?<\/strong><\/p><p>Vos donn\u00e9es \u00e0 caract\u00e8re personnel sont conserv\u00e9es avec soin et pas plus longtemps que n\u00e9cessaire pour r\u00e9aliser l&rsquo;objet du traitement de donn\u00e9es. \u00c0 moins que, en vertu de la l\u00e9gislation en vigueur, DET soit tenue de conserver vos donn\u00e9es \u00e0 caract\u00e8re personnel plus longtemps, DET conserve vos donn\u00e9es \u00e0 caract\u00e8re personnel pendant la dur\u00e9e du contrat et aussi longtemps que des affaires courantes doivent encore \u00eatre cl\u00f4tur\u00e9es. Apr\u00e8s cela, DET supprimera ces donn\u00e9es.<\/p><p><strong>Vos donn\u00e9es \u00e0 caract\u00e8re personnel sont-elles transmises \u00e0 d&rsquo;autres pays?<\/strong><\/p><p>DET ne transmet pas vos donn\u00e9es \u00e0 caract\u00e8re personnel \u00e0 des pays tiers, \u00e0 moins qu&rsquo;un organisme public demande \u00e0 recevoir vos donn\u00e9es, dans le cas, par exemple, d&rsquo;une infraction routi\u00e8re.<\/p><p><strong>Droit de consultation et suppression?<\/strong><\/p><p>Si vous souhaitez consulter vos donn\u00e9es, vous pouvez toujours le demander \u00e0 DET. Si vous voulez demander \u00e0 DET de les modifier ou les supprimer, utilisez alors l&rsquo;adresse courriel suivante :\u00a0<a href=\"mailto:info@det-engines.com\">info@det-engines.com<\/a>. Il est possible que, pour certaines donn\u00e9es \u00e0 caract\u00e8re personnel, DET soit l\u00e9galement tenue de les conserver. Ces donn\u00e9es \u00e0 caract\u00e8re personnel, DET ne peut pas les modifier et\/ou supprimer \u00e0 votre demande. Veuillez toutefois tenir compte du fait que, une fois que nous avons modifi\u00e9 ou supprim\u00e9 vos donn\u00e9es \u00e0 votre demande, il se peut que ces donn\u00e9es soient encore stock\u00e9es quelque temps dans nos fichiers de sauvegarde jusqu&rsquo;\u00e0 ce que ces fichiers soient \u00e9galement effac\u00e9s. Nous r\u00e9pondons le plus rapidement possible \u00e0 votre demande, mais sans d\u00e9passer un d\u00e9lai de quatre semaines. DET aimerait \u00e9galement attirer votre attention sur la possibilit\u00e9 que vous avez d&rsquo;introduire une r\u00e9clamation aupr\u00e8s de l&rsquo;organe national de supervision, \u00e0 savoir la Commission pour la protection des donn\u00e9es personnelles [Autoriteit Persoonsgegevens]. Pour ce faire, utilisez le lien suivant :\u00a0<a href=\"https:\/\/autoriteitpersoonsgegevens.nl\/nl\/contact-met-de-autoriteit-persoonsgegevens\/tip-ons\">https:\/\/autoriteitpersoonsgegevens.nl\/nl\/contact-met-de-autoriteit-pers\u2026<\/a>.<\/p><p><strong>Protection?<\/strong><\/p><p>Pour le traitement des donn\u00e9es \u00e0 caract\u00e8re personnel, DET applique un niveau de protection particulier qui, dans les limites des techniques actuelles possibles, est suffisant pour emp\u00eacher un acc\u00e8s, une modification et une publication illicites, ou une perte de vos donn\u00e9es \u00e0 caract\u00e8re personnel. Si vous avez l&rsquo;impression que vos donn\u00e9es ne sont pas ad\u00e9quatement prot\u00e9g\u00e9es ou si vous soup\u00e7onnez des abus, veuillez alors nous contacter via\u00a0<a href=\"mailto:info@det-engines.com\">info@det-engines.com<\/a>.<\/p><p><strong>Cette politique de confidentialit\u00e9 peut-elle \u00eatre modifi\u00e9e ?<\/strong><\/p><p>Cette politique de confidentialit\u00e9 peut \u00eatre modifi\u00e9e par DET. La version la plus actuelle en vigueur est disponible sur notre site Web\u00a0<a href=\"http:\/\/www.det-engines.com\/\">www.det-engines.com<\/a>.<\/p><p><strong>Des r\u00e9clamations ou questions ?<\/strong><\/p><p>Si vous souhaitez introduire une r\u00e9clamation ou nous poser des questions, vous pouvez toujours nous contacter via\u00a0<a href=\"mailto:info@det-engines.com\">info@det-engines.com<\/a>, ou nous appeler au (NL)(+31)(0) 24 34 34 250.<\/p>\t\t\t\t\t\t\t\t<\/div>\n\t\t\t\t<\/div>\n\t\t\t\t<div class=\"elementor-element elementor-element-3e113006 elementor-widget elementor-widget-spacer\" data-id=\"3e113006\" data-element_type=\"widget\" data-e-type=\"widget\" data-widget_type=\"spacer.default\">\n\t\t\t\t<div class=\"elementor-widget-container\">\n\t\t\t\t\t\t\t<div class=\"elementor-spacer\">\n\t\t\t<div class=\"elementor-spacer-inner\"><\/div>\n\t\t<\/div>\n\t\t\t\t\t\t<\/div>\n\t\t\t\t<\/div>\n\t\t\t\t\t<\/div>\n\t\t<\/div>\n\t\t\t\t\t<\/div>\n\t\t<\/section>\n\t\t\t\t<\/div>\n\t\t","protected":false},"excerpt":{"rendered":"<p>Politique de confidentialit\u00e9 Politique de confidentialit\u00e9 Diesel Equipment Trading B.V. (\u00ab DET \u00bb) prend le respect de votre vie priv\u00e9e au s\u00e9rieux, et prendra les pr\u00e9cautions requises pendant le traitement et l&rsquo;utilisation des informations qu&rsquo;elle poss\u00e8de \u00e0 votre sujet, en tant qu&rsquo;utilisateur des services de DET. Ce document d\u00e9crit la politique que nous menons en [&hellip;]<\/p>\n","protected":false},"author":1,"featured_media":0,"parent":0,"menu_order":0,"comment_status":"closed","ping_status":"closed","template":"","meta":{"footnotes":""},"class_list":["post-1762","page","type-page","status-publish","hentry"],"yoast_head":"<!-- This site is optimized with the Yoast SEO plugin v26.9 - https:\/\/yoast.com\/product\/yoast-seo-wordpress\/ -->\n<title>Politique de confidentialit\u00e9 - Diesel Equipment Trading B.V.<\/title>\n<meta name=\"robots\" content=\"index, follow, max-snippet:-1, max-image-preview:large, max-video-preview:-1\" \/>\n<link rel=\"canonical\" href=\"https:\/\/www.det-engines.com\/fr\/politique-de-confidentialite\/\" \/>\n<meta property=\"og:locale\" content=\"fr_FR\" \/>\n<meta property=\"og:type\" content=\"article\" \/>\n<meta property=\"og:title\" content=\"Politique de confidentialit\u00e9 - Diesel Equipment Trading B.V.\" \/>\n<meta property=\"og:description\" content=\"Politique de confidentialit\u00e9 Politique de confidentialit\u00e9 Diesel Equipment Trading B.V. (\u00ab DET \u00bb) prend le respect de votre vie priv\u00e9e au s\u00e9rieux, et prendra les pr\u00e9cautions requises pendant le traitement et l&rsquo;utilisation des informations qu&rsquo;elle poss\u00e8de \u00e0 votre sujet, en tant qu&rsquo;utilisateur des services de DET. Ce document d\u00e9crit la politique que nous menons en [&hellip;]\" \/>\n<meta property=\"og:url\" content=\"https:\/\/www.det-engines.com\/fr\/politique-de-confidentialite\/\" \/>\n<meta property=\"og:site_name\" content=\"Diesel Equipment Trading B.V.\" \/>\n<meta property=\"article:modified_time\" content=\"2024-03-28T12:20:34+00:00\" \/>\n<meta name=\"twitter:card\" content=\"summary_large_image\" \/>\n<meta name=\"twitter:label1\" content=\"Dur\u00e9e de lecture estim\u00e9e\" \/>\n\t<meta name=\"twitter:data1\" content=\"8 minutes\" \/>\n<script type=\"application\/ld+json\" class=\"yoast-schema-graph\">{\"@context\":\"https:\/\/schema.org\",\"@graph\":[{\"@type\":\"WebPage\",\"@id\":\"https:\/\/www.det-engines.com\/fr\/politique-de-confidentialite\/\",\"url\":\"https:\/\/www.det-engines.com\/fr\/politique-de-confidentialite\/\",\"name\":\"Politique de confidentialit\u00e9 - Diesel Equipment Trading B.V.\",\"isPartOf\":{\"@id\":\"https:\/\/www.det-engines.com\/fr\/#website\"},\"datePublished\":\"2024-01-03T13:09:57+00:00\",\"dateModified\":\"2024-03-28T12:20:34+00:00\",\"breadcrumb\":{\"@id\":\"https:\/\/www.det-engines.com\/fr\/politique-de-confidentialite\/#breadcrumb\"},\"inLanguage\":\"fr-FR\",\"potentialAction\":[{\"@type\":\"ReadAction\",\"target\":[\"https:\/\/www.det-engines.com\/fr\/politique-de-confidentialite\/\"]}]},{\"@type\":\"BreadcrumbList\",\"@id\":\"https:\/\/www.det-engines.com\/fr\/politique-de-confidentialite\/#breadcrumb\",\"itemListElement\":[{\"@type\":\"ListItem\",\"position\":1,\"name\":\"Home\",\"item\":\"https:\/\/www.det-engines.com\/fr\/\"},{\"@type\":\"ListItem\",\"position\":2,\"name\":\"Politique de confidentialit\u00e9\"}]},{\"@type\":\"WebSite\",\"@id\":\"https:\/\/www.det-engines.com\/fr\/#website\",\"url\":\"https:\/\/www.det-engines.com\/fr\/\",\"name\":\"Diesel Equipment Trading B.V.\",\"description\":\"\",\"publisher\":{\"@id\":\"https:\/\/www.det-engines.com\/fr\/#organization\"},\"potentialAction\":[{\"@type\":\"SearchAction\",\"target\":{\"@type\":\"EntryPoint\",\"urlTemplate\":\"https:\/\/www.det-engines.com\/fr\/?s={search_term_string}\"},\"query-input\":{\"@type\":\"PropertyValueSpecification\",\"valueRequired\":true,\"valueName\":\"search_term_string\"}}],\"inLanguage\":\"fr-FR\"},{\"@type\":\"Organization\",\"@id\":\"https:\/\/www.det-engines.com\/fr\/#organization\",\"name\":\"Diesel Equipment Trading B.V.\",\"url\":\"https:\/\/www.det-engines.com\/fr\/\",\"logo\":{\"@type\":\"ImageObject\",\"inLanguage\":\"fr-FR\",\"@id\":\"https:\/\/www.det-engines.com\/fr\/#\/schema\/logo\/image\/\",\"url\":\"https:\/\/www.det-engines.com\/wp-content\/uploads\/2023\/10\/logo-DET.png\",\"contentUrl\":\"https:\/\/www.det-engines.com\/wp-content\/uploads\/2023\/10\/logo-DET.png\",\"width\":913,\"height\":208,\"caption\":\"Diesel Equipment Trading B.V.\"},\"image\":{\"@id\":\"https:\/\/www.det-engines.com\/fr\/#\/schema\/logo\/image\/\"}}]}<\/script>\n<!-- \/ Yoast SEO plugin. -->","yoast_head_json":{"title":"Politique de confidentialit\u00e9 - Diesel Equipment Trading B.V.","robots":{"index":"index","follow":"follow","max-snippet":"max-snippet:-1","max-image-preview":"max-image-preview:large","max-video-preview":"max-video-preview:-1"},"canonical":"https:\/\/www.det-engines.com\/fr\/politique-de-confidentialite\/","og_locale":"fr_FR","og_type":"article","og_title":"Politique de confidentialit\u00e9 - Diesel Equipment Trading B.V.","og_description":"Politique de confidentialit\u00e9 Politique de confidentialit\u00e9 Diesel Equipment Trading B.V. (\u00ab DET \u00bb) prend le respect de votre vie priv\u00e9e au s\u00e9rieux, et prendra les pr\u00e9cautions requises pendant le traitement et l&rsquo;utilisation des informations qu&rsquo;elle poss\u00e8de \u00e0 votre sujet, en tant qu&rsquo;utilisateur des services de DET. Ce document d\u00e9crit la politique que nous menons en [&hellip;]","og_url":"https:\/\/www.det-engines.com\/fr\/politique-de-confidentialite\/","og_site_name":"Diesel Equipment Trading B.V.","article_modified_time":"2024-03-28T12:20:34+00:00","twitter_card":"summary_large_image","twitter_misc":{"Dur\u00e9e de lecture estim\u00e9e":"8 minutes"},"schema":{"@context":"https:\/\/schema.org","@graph":[{"@type":"WebPage","@id":"https:\/\/www.det-engines.com\/fr\/politique-de-confidentialite\/","url":"https:\/\/www.det-engines.com\/fr\/politique-de-confidentialite\/","name":"Politique de confidentialit\u00e9 - Diesel Equipment Trading B.V.","isPartOf":{"@id":"https:\/\/www.det-engines.com\/fr\/#website"},"datePublished":"2024-01-03T13:09:57+00:00","dateModified":"2024-03-28T12:20:34+00:00","breadcrumb":{"@id":"https:\/\/www.det-engines.com\/fr\/politique-de-confidentialite\/#breadcrumb"},"inLanguage":"fr-FR","potentialAction":[{"@type":"ReadAction","target":["https:\/\/www.det-engines.com\/fr\/politique-de-confidentialite\/"]}]},{"@type":"BreadcrumbList","@id":"https:\/\/www.det-engines.com\/fr\/politique-de-confidentialite\/#breadcrumb","itemListElement":[{"@type":"ListItem","position":1,"name":"Home","item":"https:\/\/www.det-engines.com\/fr\/"},{"@type":"ListItem","position":2,"name":"Politique de confidentialit\u00e9"}]},{"@type":"WebSite","@id":"https:\/\/www.det-engines.com\/fr\/#website","url":"https:\/\/www.det-engines.com\/fr\/","name":"Diesel Equipment Trading B.V.","description":"","publisher":{"@id":"https:\/\/www.det-engines.com\/fr\/#organization"},"potentialAction":[{"@type":"SearchAction","target":{"@type":"EntryPoint","urlTemplate":"https:\/\/www.det-engines.com\/fr\/?s={search_term_string}"},"query-input":{"@type":"PropertyValueSpecification","valueRequired":true,"valueName":"search_term_string"}}],"inLanguage":"fr-FR"},{"@type":"Organization","@id":"https:\/\/www.det-engines.com\/fr\/#organization","name":"Diesel Equipment Trading B.V.","url":"https:\/\/www.det-engines.com\/fr\/","logo":{"@type":"ImageObject","inLanguage":"fr-FR","@id":"https:\/\/www.det-engines.com\/fr\/#\/schema\/logo\/image\/","url":"https:\/\/www.det-engines.com\/wp-content\/uploads\/2023\/10\/logo-DET.png","contentUrl":"https:\/\/www.det-engines.com\/wp-content\/uploads\/2023\/10\/logo-DET.png","width":913,"height":208,"caption":"Diesel Equipment Trading B.V."},"image":{"@id":"https:\/\/www.det-engines.com\/fr\/#\/schema\/logo\/image\/"}}]}},"_links":{"self":[{"href":"https:\/\/www.det-engines.com\/fr\/wp-json\/wp\/v2\/pages\/1762","targetHints":{"allow":["GET"]}}],"collection":[{"href":"https:\/\/www.det-engines.com\/fr\/wp-json\/wp\/v2\/pages"}],"about":[{"href":"https:\/\/www.det-engines.com\/fr\/wp-json\/wp\/v2\/types\/page"}],"author":[{"embeddable":true,"href":"https:\/\/www.det-engines.com\/fr\/wp-json\/wp\/v2\/users\/1"}],"replies":[{"embeddable":true,"href":"https:\/\/www.det-engines.com\/fr\/wp-json\/wp\/v2\/comments?post=1762"}],"version-history":[{"count":15,"href":"https:\/\/www.det-engines.com\/fr\/wp-json\/wp\/v2\/pages\/1762\/revisions"}],"predecessor-version":[{"id":8880,"href":"https:\/\/www.det-engines.com\/fr\/wp-json\/wp\/v2\/pages\/1762\/revisions\/8880"}],"wp:attachment":[{"href":"https:\/\/www.det-engines.com\/fr\/wp-json\/wp\/v2\/media?parent=1762"}],"curies":[{"name":"wp","href":"https:\/\/api.w.org\/{rel}","templated":true}]}}